{"id":76,"date":"2021-01-07T10:13:43","date_gmt":"2021-01-07T09:13:43","guid":{"rendered":"http:\/\/jetp06.ketari.fr\/?page_id=76"},"modified":"2021-04-18T21:04:10","modified_gmt":"2021-04-18T19:04:10","slug":"partenaires","status":"publish","type":"page","link":"https:\/\/jetp06.ketari.fr\/index.php\/partenaires\/","title":{"rendered":"Partenaires"},"content":{"rendered":"\n<p>Pour rappel, Jumeaux et Plus met en place des partenariats avec des commer\u00e7ants pour faire b\u00e9n\u00e9ficier \u00e0 ses membres de r\u00e9ductions. Il existe deux types de partenariats :<\/p>\n\n\n\n<ul><li><strong>Les partenariats nationaux<\/strong><br>(n\u00e9goci\u00e9s par la f\u00e9d\u00e9ration jumeaux et plus)<\/li><li><strong>Les partenariats locaux<\/strong><br>(n\u00e9goci\u00e9s par vos Gentils Administrateurs du 06)<\/li><\/ul>\n\n\n\n<p>Pour obtenir la liste des partenaires locaux et nationaux, veuillez remplir le formulaire ci-dessous. Vous recevrez le livret partenaire par email sous 2 mn.<\/p>\n\n\n\n<iframe src=\"https:\/\/docs.google.com\/forms\/d\/e\/1FAIpQLSen1NLPKaoOLKV3Qe8KQ0TPmb1OxVRv1G5eY3DP-WQCs1Txxg\/viewform?embedded=true\" width=\"900\" height=\"1000\" frameborder=\"0\" marginheight=\"0\" marginwidth=\"0\">Chargement\u2026<\/iframe>\n","protected":false},"excerpt":{"rendered":"<p>Pour rappel, Jumeaux et Plus met en place des partenariats avec des commer\u00e7ants pour faire b\u00e9n\u00e9ficier \u00e0 ses membres de r\u00e9ductions. Il existe deux types &hellip; <\/p>\n","protected":false},"author":1,"featured_media":0,"parent":0,"menu_order":0,"comment_status":"closed","ping_status":"closed","template":"","meta":{"_price":"","_stock":"","_tribe_ticket_header":"","_tribe_default_ticket_provider":"","_tribe_ticket_capacity":"0","_ticket_start_date":"","_ticket_end_date":"","_tribe_ticket_show_description":"","_tribe_ticket_show_not_going":false,"_tribe_ticket_use_global_stock":"","_tribe_ticket_global_stock_level":"","_global_stock_mode":"","_global_stock_cap":"","_tribe_rsvp_for_event":"","_tribe_ticket_going_count":"","_tribe_ticket_not_going_count":"","_tribe_tickets_list":[],"_tribe_ticket_has_attendee_info_fields":false},"ticketed":false,"_links":{"self":[{"href":"https:\/\/jetp06.ketari.fr\/index.php\/wp-json\/wp\/v2\/pages\/76"}],"collection":[{"href":"https:\/\/jetp06.ketari.fr\/index.php\/wp-json\/wp\/v2\/pages"}],"about":[{"href":"https:\/\/jetp06.ketari.fr\/index.php\/wp-json\/wp\/v2\/types\/page"}],"author":[{"embeddable":true,"href":"https:\/\/jetp06.ketari.fr\/index.php\/wp-json\/wp\/v2\/users\/1"}],"replies":[{"embeddable":true,"href":"https:\/\/jetp06.ketari.fr\/index.php\/wp-json\/wp\/v2\/comments?post=76"}],"version-history":[{"count":6,"href":"https:\/\/jetp06.ketari.fr\/index.php\/wp-json\/wp\/v2\/pages\/76\/revisions"}],"predecessor-version":[{"id":380,"href":"https:\/\/jetp06.ketari.fr\/index.php\/wp-json\/wp\/v2\/pages\/76\/revisions\/380"}],"wp:attachment":[{"href":"https:\/\/jetp06.ketari.fr\/index.php\/wp-json\/wp\/v2\/media?parent=76"}],"curies":[{"name":"wp","href":"https:\/\/api.w.org\/{rel}","templated":true}]}}