{"id":53,"date":"2021-01-07T09:42:30","date_gmt":"2021-01-07T08:42:30","guid":{"rendered":"http:\/\/jetp06.ketari.fr\/?page_id=53"},"modified":"2021-06-03T23:17:39","modified_gmt":"2021-06-03T21:17:39","slug":"notre-proposition","status":"publish","type":"page","link":"https:\/\/jetp06.ketari.fr\/index.php\/notre-proposition\/","title":{"rendered":"Notre proposition"},"content":{"rendered":"\n<div class=\"wp-block-columns\">\n<div class=\"wp-block-column\"><\/div>\n\n\n\n<div class=\"wp-block-column\">\n<p><figure class=\"wp-block-table\"><table class=\"has-subtle-pale-blue-background-color has-background\"><tbody><tr><td class=\"has-text-align-center\" data-align=\"center\"><a href=\"http:\/\/jetp06.ketari.fr\/index.php\/favoriser-lechange\/\" data-type=\"page\" data-id=\"151\">Favoriser l\u2019\u00e9change<\/a><\/td><\/tr><\/tbody><\/table><\/figure><\/p>\n<\/div>\n\n\n\n<div class=\"wp-block-column\"><\/div>\n<\/div>\n\n\n\n<div class=\"wp-block-columns\">\n<div class=\"wp-block-column\"><\/div>\n\n\n\n<div class=\"wp-block-column\">\n<p><figure class=\"wp-block-table\"><table class=\"has-subtle-pale-green-background-color has-background\"><tbody><tr><td class=\"has-text-align-center\" data-align=\"center\"><strong><a href=\"http:\/\/jetp06.ketari.fr\/index.php\/informer\/\" data-type=\"page\" data-id=\"155\">Informer<\/a><\/strong><\/td><\/tr><\/tbody><\/table><\/figure><\/p>\n<\/div>\n\n\n\n<div class=\"wp-block-column\"><\/div>\n<\/div>\n\n\n\n<div class=\"wp-block-columns\">\n<div class=\"wp-block-column\"><\/div>\n\n\n\n<div class=\"wp-block-column\">\n<p><figure class=\"wp-block-table\"><table class=\"has-subtle-pale-pink-background-color has-background\"><tbody><tr><td class=\"has-text-align-center\" data-align=\"center\"><strong><a href=\"http:\/\/jetp06.ketari.fr\/index.php\/avantages-commerciaux\/\" data-type=\"page\" data-id=\"153\">Avantages commerciaux<\/a><\/strong><\/td><\/tr><\/tbody><\/table><\/figure><\/p>\n<\/div>\n\n\n\n<div class=\"wp-block-column\"><\/div>\n<\/div>\n\n\n\n<h2>Autres associations d\u00e9partementales<\/h2>\n\n\n\n<p>Jumeaux et Plus 06 est membre de la f\u00e9d\u00e9ration Jumeaux et Plus, compos\u00e9e de 80 Associations D\u00e9partementales. Nos adh\u00e9rents b\u00e9n\u00e9ficient d&#8217;un soutien dans la quasi totalit\u00e9 des d\u00e9partements fran\u00e7ais.<\/p>\n\n\n\n<p>En d\u00e9placement pour vos vacances ? Vous pouvez contacter les associations d\u00e9partementales de votre lieu de vacances pour louer du mat\u00e9riel le temps de votre cong\u00e9s !<\/p>\n\n\n\n<p>La liste des associations d\u00e9partementales est disponible via le lien ci-dessous :<\/p>\n\n\n\n<div class=\"wp-block-buttons aligncenter\">\n<div class=\"wp-block-button\"><a class=\"wp-block-button__link has-black-color has-vivid-green-cyan-background-color has-text-color has-background\">Carte des assocations d\u00e9partementales<\/a><\/div>\n<\/div>\n","protected":false},"excerpt":{"rendered":"<p>Favoriser l\u2019\u00e9change Informer Avantages commerciaux Autres associations d\u00e9partementales Jumeaux et Plus 06 est membre de la f\u00e9d\u00e9ration Jumeaux et Plus, compos\u00e9e de 80 Associations D\u00e9partementales. &hellip; <\/p>\n","protected":false},"author":1,"featured_media":0,"parent":0,"menu_order":0,"comment_status":"closed","ping_status":"closed","template":"","meta":{"_price":"","_stock":"","_tribe_ticket_header":"","_tribe_default_ticket_provider":"","_tribe_ticket_capacity":"0","_ticket_start_date":"","_ticket_end_date":"","_tribe_ticket_show_description":"","_tribe_ticket_show_not_going":false,"_tribe_ticket_use_global_stock":"","_tribe_ticket_global_stock_level":"","_global_stock_mode":"","_global_stock_cap":"","_tribe_rsvp_for_event":"","_tribe_ticket_going_count":"","_tribe_ticket_not_going_count":"","_tribe_tickets_list":[],"_tribe_ticket_has_attendee_info_fields":false},"ticketed":false,"_links":{"self":[{"href":"https:\/\/jetp06.ketari.fr\/index.php\/wp-json\/wp\/v2\/pages\/53"}],"collection":[{"href":"https:\/\/jetp06.ketari.fr\/index.php\/wp-json\/wp\/v2\/pages"}],"about":[{"href":"https:\/\/jetp06.ketari.fr\/index.php\/wp-json\/wp\/v2\/types\/page"}],"author":[{"embeddable":true,"href":"https:\/\/jetp06.ketari.fr\/index.php\/wp-json\/wp\/v2\/users\/1"}],"replies":[{"embeddable":true,"href":"https:\/\/jetp06.ketari.fr\/index.php\/wp-json\/wp\/v2\/comments?post=53"}],"version-history":[{"count":8,"href":"https:\/\/jetp06.ketari.fr\/index.php\/wp-json\/wp\/v2\/pages\/53\/revisions"}],"predecessor-version":[{"id":405,"href":"https:\/\/jetp06.ketari.fr\/index.php\/wp-json\/wp\/v2\/pages\/53\/revisions\/405"}],"wp:attachment":[{"href":"https:\/\/jetp06.ketari.fr\/index.php\/wp-json\/wp\/v2\/media?parent=53"}],"curies":[{"name":"wp","href":"https:\/\/api.w.org\/{rel}","templated":true}]}}