{"id":51,"date":"2021-01-07T09:42:53","date_gmt":"2021-01-07T08:42:53","guid":{"rendered":"http:\/\/jetp06.ketari.fr\/?page_id=51"},"modified":"2021-08-21T19:13:18","modified_gmt":"2021-08-21T17:13:18","slug":"adherer","status":"publish","type":"page","link":"https:\/\/jetp06.ketari.fr\/index.php\/adherer\/","title":{"rendered":"Adh\u00e9rer"},"content":{"rendered":"\n<p>Vous habitez le d\u00e9partement des Alpes Maritimes et vous \u00eates (ou allez prochainement devenir) parent de multiples ? Nous serions heureux de vous accueillir au sein de notre association !<\/p>\n\n\n\n<p><br>Accueillir et \u00e9lever des multiples est une exp\u00e9rience unique, riche en \u00e9motions mais c&#8217;est \u00e9galement une exp\u00e9rience exigeante (physiquement, psychologiquement et mat\u00e9riellement). Entrez dans la grande famille Jumeaux et Plus et partageons ensemble cette grande aventure pleine de bonheur, d&#8217;entraide, de bons plans et de soutien !<\/p>\n\n\n\n<p>Adh\u00e9rer a Jumeaux et Plus 06 c&#8217;est :<\/p>\n\n\n\n<p>  <\/p>\n\n\n\n<ul><li>Entrer dans une communaut\u00e9 bienveillante avec laquelle vous allez pouvoir partager vos meilleurs moments comme vos plus grandes angoisses.<\/li><li>Avoir acc\u00e8s aux \u00e9v\u00e8nements organis\u00e9s par l&#8217;association (environ 1 fois par moi)<\/li><li>B\u00e9n\u00e9ficier des promotions offertes par nos partenaires locaux (06) et nationaux<\/li><li>Profiter de la mise \u00e0 disposition (contre participation financi\u00e8re) de mat\u00e9riel (poussettes doubles, si\u00e8ges autos, etc.)<\/li><li>Recevoir tous les 6 mois le magazine de l&#8217;association : Multipl&#8217;Infos<\/li><li>Pouvoir soumettre un sujet grave au comit\u00e9 scientifique de la F\u00e9d\u00e9ration Jumeaux et Plus pour obtenir des conseils avis\u00e9s sur des situation graves et d\u00e9licates. <\/li><li>Soutenir notre mouvement et vos Gentils Administrateurs b\u00e9n\u00e9voles<\/li><\/ul>\n\n\n\n<p>Pour nous rejoindre, vous pouvez adh\u00e9rer depuis notre page Hello Asso:<\/p>\n\n\n\n<div class=\"wp-block-buttons aligncenter\">\n<div class=\"wp-block-button\"><a class=\"wp-block-button__link\" href=\"https:\/\/www.helloasso.com\/associations\/jumeaux-et-plus-l-association-06\/\">Adh\u00e9rer depuis Hello Asso<\/a><\/div>\n<\/div>\n\n\n\n<p><\/p>\n\n\n\n<p><\/p>\n\n\n\n<p>Si vous souhaitez en savoir plus sur notre association, envoyez nous un petit message en utilisant le formulaire ci-dessous et nous vous rappellerons :<\/p>\n\n\n\n<div class=\"wp-block-buttons aligncenter\">\n<div class=\"wp-block-button\"><a class=\"wp-block-button__link\" href=\"https:\/\/jetp06.ketari.fr\/index.php\/contacts\/\">Formulaire de contact<\/a><\/div>\n<\/div>\n\n\n\n<p><\/p>\n\n\n\n<p><\/p>\n\n\n\n<p>Si vous n&#8217;\u00eates pas r\u00e9sident des Alpes Maritimes, vous pouvez adh\u00e9rer \u00e0 l&#8217;association de votre d\u00e9partement en vous rendant sur la <a rel=\"noreferrer noopener\" href=\"https:\/\/www.jumeaux-et-plus.fr\/associations\/carte-des-associations-departementales\/\" data-type=\"URL\" data-id=\"https:\/\/www.jumeaux-et-plus.fr\/associations\/carte-des-associations-departementales\/\" target=\"_blank\">carte des associations<\/a> disponible sur le site de la F\u00e9d\u00e9ration Jumeaux et Plus.<\/p>\n\n\n\n<div class=\"wp-block-buttons aligncenter\">\n<div class=\"wp-block-button\"><a class=\"wp-block-button__link\" href=\"https:\/\/www.jumeaux-et-plus.fr\/associations\/carte-des-associations-departementales\/\" target=\"_blank\" rel=\"noreferrer noopener\">Carte des Associations<\/a><\/div>\n<\/div>\n\n\n\n<p><\/p>\n","protected":false},"excerpt":{"rendered":"<p>Vous habitez le d\u00e9partement des Alpes Maritimes et vous \u00eates (ou allez prochainement devenir) parent de multiples ? Nous serions heureux de vous accueillir au &hellip; <\/p>\n","protected":false},"author":1,"featured_media":0,"parent":0,"menu_order":0,"comment_status":"closed","ping_status":"closed","template":"","meta":{"_price":"","_stock":"","_tribe_ticket_header":"","_tribe_default_ticket_provider":"","_tribe_ticket_capacity":"0","_ticket_start_date":"","_ticket_end_date":"","_tribe_ticket_show_description":"","_tribe_ticket_show_not_going":false,"_tribe_ticket_use_global_stock":"","_tribe_ticket_global_stock_level":"","_global_stock_mode":"","_global_stock_cap":"","_tribe_rsvp_for_event":"","_tribe_ticket_going_count":"","_tribe_ticket_not_going_count":"","_tribe_tickets_list":[],"_tribe_ticket_has_attendee_info_fields":false},"ticketed":false,"_links":{"self":[{"href":"https:\/\/jetp06.ketari.fr\/index.php\/wp-json\/wp\/v2\/pages\/51"}],"collection":[{"href":"https:\/\/jetp06.ketari.fr\/index.php\/wp-json\/wp\/v2\/pages"}],"about":[{"href":"https:\/\/jetp06.ketari.fr\/index.php\/wp-json\/wp\/v2\/types\/page"}],"author":[{"embeddable":true,"href":"https:\/\/jetp06.ketari.fr\/index.php\/wp-json\/wp\/v2\/users\/1"}],"replies":[{"embeddable":true,"href":"https:\/\/jetp06.ketari.fr\/index.php\/wp-json\/wp\/v2\/comments?post=51"}],"version-history":[{"count":6,"href":"https:\/\/jetp06.ketari.fr\/index.php\/wp-json\/wp\/v2\/pages\/51\/revisions"}],"predecessor-version":[{"id":422,"href":"https:\/\/jetp06.ketari.fr\/index.php\/wp-json\/wp\/v2\/pages\/51\/revisions\/422"}],"wp:attachment":[{"href":"https:\/\/jetp06.ketari.fr\/index.php\/wp-json\/wp\/v2\/media?parent=51"}],"curies":[{"name":"wp","href":"https:\/\/api.w.org\/{rel}","templated":true}]}}