{"id":47,"date":"2021-01-07T09:42:18","date_gmt":"2021-01-07T08:42:18","guid":{"rendered":"http:\/\/jetp06.ketari.fr\/?page_id=47"},"modified":"2021-02-13T20:22:25","modified_gmt":"2021-02-13T19:22:25","slug":"qui-nous-sommes","status":"publish","type":"page","link":"https:\/\/jetp06.ketari.fr\/index.php\/qui-nous-sommes\/","title":{"rendered":"Qui nous sommes"},"content":{"rendered":"\n<div class=\"wp-block-columns\">\n<div class=\"wp-block-column\" style=\"flex-basis:25%\"><\/div>\n\n\n\n<div class=\"wp-block-column\" style=\"flex-basis:50%\">\n<p>Jumeaux et Plus 06 est une association loi 1901 qui vise \u00e0 d\u00e9velopper l&#8217;entraide morale et mat\u00e9rielle des <strong>parents ayant des jumeaux, triplets ou plus<\/strong>.<\/p>\n\n\n\n<p>L&#8217;arriv\u00e9e de multiples au sein du foyer est une exp\u00e9rience unique et fait vivre des situations qui ne sont pas comparables avec l&#8217;accueil de singletons.<\/p>\n<\/div>\n\n\n\n<div class=\"wp-block-column\" style=\"flex-basis:25%\"><\/div>\n<\/div>\n\n\n\n<div class=\"wp-block-columns\">\n<div class=\"wp-block-column\" style=\"flex-basis:25%\">\n<figure class=\"wp-block-image size-large is-resized\"><img loading=\"lazy\" src=\"http:\/\/jetp06.ketari.fr\/wp-content\/uploads\/2021\/01\/Logo-Avec-Parents.jpg\" alt=\"\" class=\"wp-image-12\" width=\"256\" height=\"241\" srcset=\"https:\/\/jetp06.ketari.fr\/wp-content\/uploads\/2021\/01\/Logo-Avec-Parents.jpg 1023w, https:\/\/jetp06.ketari.fr\/wp-content\/uploads\/2021\/01\/Logo-Avec-Parents-600x565.jpg 600w, https:\/\/jetp06.ketari.fr\/wp-content\/uploads\/2021\/01\/Logo-Avec-Parents-300x283.jpg 300w, https:\/\/jetp06.ketari.fr\/wp-content\/uploads\/2021\/01\/Logo-Avec-Parents-768x724.jpg 768w, https:\/\/jetp06.ketari.fr\/wp-content\/uploads\/2021\/01\/Logo-Avec-Parents-64x60.jpg 64w\" sizes=\"(max-width: 256px) 100vw, 256px\" \/><\/figure>\n<\/div>\n\n\n\n<div class=\"wp-block-column\" style=\"flex-basis:50%\">\n<p>Depuis 1996, notre association r\u00e9unit des familles de multiples pour leur permettre d&#8217;\u00e9changer avec la communaut\u00e9 leurs appr\u00e9hensions, difficult\u00e9s, inqui\u00e9tudes&#8230; mais aussi leurs bon moments, leur bonne humeur et leurs bon plans.<\/p>\n\n\n\n<p>Jumeaux et Plus 06 repr\u00e9sente 90 familles membres (chiffre D\u00e9cembre 2020). Elle est administr\u00e9e par son conseil d&#8217;administration exclusivement compos\u00e9 de parents b\u00e9n\u00e9voles qui assument cette activit\u00e9 en parrall\u00e8le de leur activit\u00e9 professionnelle et de leur vie familiale de parent de multiple.<\/p>\n<\/div>\n\n\n\n<div class=\"wp-block-column\" style=\"flex-basis:25%\"><\/div>\n<\/div>\n\n\n\n<div class=\"wp-block-buttons aligncenter\">\n<div class=\"wp-block-button is-style-fill\"><a class=\"wp-block-button__link has-white-color has-vivid-green-cyan-background-color has-text-color has-background\" href=\"http:\/\/adhesion.jumeauxetplus06.fr\" style=\"border-radius:50px\" target=\"_blank\" rel=\"noreferrer noopener\">Rejoignez nous ! Adh\u00e9rez !<\/a><\/div>\n<\/div>\n\n\n\n<div class=\"wp-block-columns\">\n<div class=\"wp-block-column\" style=\"flex-basis:25%\"><\/div>\n\n\n\n<div class=\"wp-block-column is-vertically-aligned-center\" style=\"flex-basis:50%\">\n<p>Jumeaux et Plus 06 est une association d\u00e9partementale, membre de la f\u00e9d\u00e9ration Jumeaux et Plus. L&#8217;association est \u00e9galement membre de <strong>\u2019Union D\u00e9partementale des Associations Familiales (UDAF)<\/strong> des Alpes Maritimes.<\/p>\n<\/div>\n\n\n\n<div class=\"wp-block-column is-vertically-aligned-center\" style=\"flex-basis:25%\">\n<figure class=\"wp-block-image size-large\"><img loading=\"lazy\" width=\"1024\" height=\"813\" src=\"http:\/\/jetp06.ketari.fr\/wp-content\/uploads\/2021\/02\/arton15481-1024x813.jpg\" alt=\"\" class=\"wp-image-319\" srcset=\"https:\/\/jetp06.ketari.fr\/wp-content\/uploads\/2021\/02\/arton15481-1024x813.jpg 1024w, https:\/\/jetp06.ketari.fr\/wp-content\/uploads\/2021\/02\/arton15481-600x476.jpg 600w, https:\/\/jetp06.ketari.fr\/wp-content\/uploads\/2021\/02\/arton15481-300x238.jpg 300w, https:\/\/jetp06.ketari.fr\/wp-content\/uploads\/2021\/02\/arton15481-768x610.jpg 768w, https:\/\/jetp06.ketari.fr\/wp-content\/uploads\/2021\/02\/arton15481-1536x1219.jpg 1536w, https:\/\/jetp06.ketari.fr\/wp-content\/uploads\/2021\/02\/arton15481-76x60.jpg 76w, https:\/\/jetp06.ketari.fr\/wp-content\/uploads\/2021\/02\/arton15481.jpg 1548w\" sizes=\"(max-width: 1024px) 100vw, 1024px\" \/><\/figure>\n<\/div>\n<\/div>\n\n\n\n<div class=\"wp-block-columns\">\n<div class=\"wp-block-column\" style=\"flex-basis:25%\"><\/div>\n\n\n\n<div class=\"wp-block-column\" style=\"flex-basis:50%\">\n<p>Jumeaux et Plus 06 n&#8217;a aucune appartenance religieuse, politique ou syndicale. Toutes les familles r\u00e9sidant dans notre d\u00e9partement (ou dans un d\u00e9partement voisin n&#8217;\u00e9tant pas repr\u00e9sent\u00e9 par une Association Jumeaux et Plus) sont les bienvenues.<\/p>\n<\/div>\n\n\n\n<div class=\"wp-block-column\" style=\"flex-basis:25%\"><\/div>\n<\/div>\n\n\n\n<p><\/p>\n\n\n\n<p><\/p>\n\n\n\n<h2>La f\u00e9d\u00e9ration Jumeaux et Plus<\/h2>\n\n\n\n<div class=\"wp-block-columns\">\n<div class=\"wp-block-column\" style=\"flex-basis:25%\"><\/div>\n\n\n\n<div class=\"wp-block-column\" style=\"flex-basis:50%\">\n<p>La F\u00e9d\u00e9ration Jumeaux et Plus est une f\u00e9d\u00e9ration d&#8217;associations reconnue d&#8217;utilit\u00e9 publique r\u00e9unissant 80 associations d\u00e9partementales &#8220;Jumeaux et Plus&#8221;.<\/p>\n\n\n\n<p>Regroupant actuellement 14&nbsp;000 familles adh\u00e9rentes, la F\u00e9d\u00e9ration est n\u00e9e en 1979 sous la d\u00e9nomination d\u2019Association Nationale d\u2019Entraide des Parents de Naissances Multiples&nbsp;: ANEPNM.<\/p>\n\n\n\n<p>Depuis sa cr\u00e9ation, environ 250 000 familles ont \u00e9t\u00e9 soutenues par le mouvement.<\/p>\n<\/div>\n\n\n\n<div class=\"wp-block-column\" style=\"flex-basis:25%\"><\/div>\n<\/div>\n\n\n\n<h3>La mission de la f\u00e9d\u00e9ration Jumeaux et Plus<\/h3>\n\n\n\n<p><\/p>\n\n\n\n<p><\/p>\n\n\n\n<div class=\"wp-block-columns\">\n<div class=\"wp-block-column\" style=\"flex-basis:25%\"><\/div>\n\n\n\n<div class=\"wp-block-column\" style=\"flex-basis:50%\">\n<p>Si ces associations proposent une&nbsp;entraide morale et mat\u00e9rielle aux parents de multiples, la F\u00e9d\u00e9ration travaille surtout sur des sujets en relation avec<strong>&nbsp;le corps m\u00e9dical et les pouvoirs publics<\/strong>&nbsp;et se bat pour que soient reconnues les sp\u00e9cificit\u00e9s des familles d\u2019enfants issus de naissances multiples.<\/p>\n\n\n\n<p>Elle repr\u00e9sente ses adh\u00e9rents aupr\u00e8s des pouvoirs publics, pour assurer la d\u00e9fense des int\u00e9r\u00eats familiaux, moraux et mat\u00e9riels.<\/p>\n<\/div>\n\n\n\n<div class=\"wp-block-column\" style=\"flex-basis:25%\"><\/div>\n<\/div>\n\n\n\n<h3>Le comit\u00e9 scientifique<\/h3>\n\n\n\n<div class=\"wp-block-columns\">\n<div class=\"wp-block-column\" style=\"flex-basis:25%\"><\/div>\n\n\n\n<div class=\"wp-block-column\" style=\"flex-basis:50%\">\n<p><strong>Le comit\u00e9 scientifique<\/strong>\u00a0de la F\u00e9d\u00e9ration Nationale Jumeaux et Plus r\u00e9pond \u00e0 vos questions d\u2019ordre m\u00e9dical, au cours de votre grossesse comme apr\u00e8s la naissance des enfants. Il est compos\u00e9 de professionnels de renom, sp\u00e9cialistes exp\u00e9riment\u00e9s dans les grossesses multiples et le suivi m\u00e9dical des b\u00e9b\u00e9s. Aussi n\u2019h\u00e9sitez pas \u00e0 faire appel \u00e0 lui si vous ne trouvez pas de r\u00e9ponse \u00e0 vos interrogations ou d\u00e9sirez plus d\u2019informations sur un probl\u00e8me m\u00e9dical.<\/p>\n<\/div>\n\n\n\n<div class=\"wp-block-column\" style=\"flex-basis:25%\"><\/div>\n<\/div>\n\n\n\n<p><\/p>\n\n\n\n<h3>Le forum Jumeaux et Plus<\/h3>\n\n\n\n<div class=\"wp-block-columns\">\n<div class=\"wp-block-column\" style=\"flex-basis:25%\"><\/div>\n\n\n\n<div class=\"wp-block-column\" style=\"flex-basis:50%\">\n<p>Depuis de nombreuses ann\u00e9es d\u00e9j\u00e0, le site internet de la F\u00e9d\u00e9ration comprend&nbsp;<strong>un&nbsp;<a href=\"http:\/\/forum.jumeaux-et-plus.fr\/index.php\">forum de discussion destin\u00e9 aux (futurs) parents de multiples<\/a>.&nbsp;<\/strong>Reconnu pour la qualit\u00e9 des \u00e9changes et ses experts contributeurs, ce forum est \u00e0 votre disposition sur le site de la F\u00e9d\u00e9ration Nationale Jumeaux et Plus.<\/p>\n\n\n\n<p><strong>Pour acc\u00e9der au site internet de la F\u00e9d\u00e9ration:&nbsp;<a href=\"http:\/\/www.jumeaux-et-plus.fr\/\" target=\"_blank\" rel=\"noreferrer noopener\">http:\/\/www.jumeaux-et-plus.fr<\/a><\/strong><\/p>\n<\/div>\n\n\n\n<div class=\"wp-block-column\" style=\"flex-basis:25%\"><\/div>\n<\/div>\n","protected":false},"excerpt":{"rendered":"<p>Jumeaux et Plus 06 est une association loi 1901 qui vise \u00e0 d\u00e9velopper l&#8217;entraide morale et mat\u00e9rielle des parents ayant des jumeaux, triplets ou plus. &hellip; <\/p>\n","protected":false},"author":1,"featured_media":0,"parent":0,"menu_order":0,"comment_status":"closed","ping_status":"closed","template":"","meta":{"_price":"","_stock":"","_tribe_ticket_header":"","_tribe_default_ticket_provider":"","_tribe_ticket_capacity":"0","_ticket_start_date":"","_ticket_end_date":"","_tribe_ticket_show_description":"","_tribe_ticket_show_not_going":false,"_tribe_ticket_use_global_stock":"","_tribe_ticket_global_stock_level":"","_global_stock_mode":"","_global_stock_cap":"","_tribe_rsvp_for_event":"","_tribe_ticket_going_count":"","_tribe_ticket_not_going_count":"","_tribe_tickets_list":[],"_tribe_ticket_has_attendee_info_fields":false},"ticketed":false,"_links":{"self":[{"href":"https:\/\/jetp06.ketari.fr\/index.php\/wp-json\/wp\/v2\/pages\/47"}],"collection":[{"href":"https:\/\/jetp06.ketari.fr\/index.php\/wp-json\/wp\/v2\/pages"}],"about":[{"href":"https:\/\/jetp06.ketari.fr\/index.php\/wp-json\/wp\/v2\/types\/page"}],"author":[{"embeddable":true,"href":"https:\/\/jetp06.ketari.fr\/index.php\/wp-json\/wp\/v2\/users\/1"}],"replies":[{"embeddable":true,"href":"https:\/\/jetp06.ketari.fr\/index.php\/wp-json\/wp\/v2\/comments?post=47"}],"version-history":[{"count":23,"href":"https:\/\/jetp06.ketari.fr\/index.php\/wp-json\/wp\/v2\/pages\/47\/revisions"}],"predecessor-version":[{"id":349,"href":"https:\/\/jetp06.ketari.fr\/index.php\/wp-json\/wp\/v2\/pages\/47\/revisions\/349"}],"wp:attachment":[{"href":"https:\/\/jetp06.ketari.fr\/index.php\/wp-json\/wp\/v2\/media?parent=47"}],"curies":[{"name":"wp","href":"https:\/\/api.w.org\/{rel}","templated":true}]}}