{"id":19,"date":"2021-01-06T22:13:08","date_gmt":"2021-01-06T21:13:08","guid":{"rendered":"http:\/\/jetp06.ketari.fr\/?page_id=19"},"modified":"2021-11-12T18:33:48","modified_gmt":"2021-11-12T17:33:48","slug":"bienvenue","status":"publish","type":"page","link":"https:\/\/jetp06.ketari.fr\/","title":{"rendered":""},"content":{"rendered":"\n<p>Progression de la construction du site:<\/p>\n\n\n\n<p><\/p>\n\n\n\n<div class=\"wp-block-columns\">\n<div class=\"wp-block-column\"><\/div>\n\n\n\n<div class=\"wp-block-column\">\n<div class=\"wp-block-image is-style-default\"><figure class=\"aligncenter size-large\"><img loading=\"lazy\" width=\"300\" height=\"200\" src=\"http:\/\/jetp06.ketari.fr\/wp-content\/uploads\/2021\/01\/About-Us-300-200.png\" alt=\"\" class=\"wp-image-175\" srcset=\"https:\/\/jetp06.ketari.fr\/wp-content\/uploads\/2021\/01\/About-Us-300-200.png 300w, https:\/\/jetp06.ketari.fr\/wp-content\/uploads\/2021\/01\/About-Us-300-200-90x60.png 90w\" sizes=\"(max-width: 300px) 100vw, 300px\" \/><figcaption>Qui sommes nous ?<\/figcaption><\/figure><\/div>\n<\/div>\n\n\n\n<div class=\"wp-block-column\">\n<figure class=\"wp-block-image size-large\"><img loading=\"lazy\" width=\"300\" height=\"200\" src=\"http:\/\/jetp06.ketari.fr\/wp-content\/uploads\/2021\/01\/Adherer-300-200.png\" alt=\"\" class=\"wp-image-176\" srcset=\"https:\/\/jetp06.ketari.fr\/wp-content\/uploads\/2021\/01\/Adherer-300-200.png 300w, https:\/\/jetp06.ketari.fr\/wp-content\/uploads\/2021\/01\/Adherer-300-200-90x60.png 90w\" sizes=\"(max-width: 300px) 100vw, 300px\" \/><figcaption>Adh\u00e9rer<\/figcaption><\/figure>\n<\/div>\n\n\n\n<div class=\"wp-block-column\"><\/div>\n<\/div>\n\n\n\n<div class=\"wp-block-columns\">\n<div class=\"wp-block-column\"><\/div>\n\n\n\n<div class=\"wp-block-column\">\n<figure class=\"wp-block-image size-large\"><img loading=\"lazy\" width=\"300\" height=\"200\" src=\"http:\/\/jetp06.ketari.fr\/wp-content\/uploads\/2021\/01\/Proposition-300-200.png\" alt=\"\" class=\"wp-image-177\" srcset=\"https:\/\/jetp06.ketari.fr\/wp-content\/uploads\/2021\/01\/Proposition-300-200.png 300w, https:\/\/jetp06.ketari.fr\/wp-content\/uploads\/2021\/01\/Proposition-300-200-90x60.png 90w\" sizes=\"(max-width: 300px) 100vw, 300px\" \/><figcaption>Notre proposition<\/figcaption><\/figure>\n<\/div>\n\n\n\n<div class=\"wp-block-column\">\n<figure class=\"wp-block-image size-large\"><img loading=\"lazy\" width=\"300\" height=\"200\" src=\"http:\/\/jetp06.ketari.fr\/wp-content\/uploads\/2021\/01\/Contact-300-200.png\" alt=\"\" class=\"wp-image-178\" srcset=\"https:\/\/jetp06.ketari.fr\/wp-content\/uploads\/2021\/01\/Contact-300-200.png 300w, https:\/\/jetp06.ketari.fr\/wp-content\/uploads\/2021\/01\/Contact-300-200-90x60.png 90w\" sizes=\"(max-width: 300px) 100vw, 300px\" \/><figcaption>Nous contacter<\/figcaption><\/figure>\n<\/div>\n\n\n\n<div class=\"wp-block-column\"><\/div>\n<\/div>\n\n\n\n<div class=\"wp-block-columns\">\n<div class=\"wp-block-column\" style=\"flex-basis:100%\">\n<div class=\"wp-block-group\"><div class=\"wp-block-group__inner-container\">\n<p><\/p>\n<\/div><\/div>\n<\/div>\n<\/div>\n\n\n\n<p class=\"has-large-font-size\">Acc\u00e8s Adh\u00e9rents<\/p>\n\n\n\n<div class=\"wp-block-columns\">\n<div class=\"wp-block-column\">\n<figure class=\"wp-block-image size-large\"><a href=\"http:\/\/jetp06.ketari.fr\/index.php\/vos-administrateurs\/\"><img loading=\"lazy\" width=\"300\" height=\"177\" src=\"http:\/\/jetp06.ketari.fr\/wp-content\/uploads\/2021\/01\/CTC-equipe-300x1771-1.png\" alt=\"\" class=\"wp-image-66\" srcset=\"https:\/\/jetp06.ketari.fr\/wp-content\/uploads\/2021\/01\/CTC-equipe-300x1771-1.png 300w, https:\/\/jetp06.ketari.fr\/wp-content\/uploads\/2021\/01\/CTC-equipe-300x1771-1-102x60.png 102w\" sizes=\"(max-width: 300px) 100vw, 300px\" \/><\/a><figcaption>Vos Administrateurs<\/figcaption><\/figure>\n<\/div>\n\n\n\n<div class=\"wp-block-column\">\n<figure class=\"wp-block-image size-large\"><a href=\"http:\/\/jetp06.ketari.fr\/index.php\/partenaires\/\"><img loading=\"lazy\" width=\"450\" height=\"318\" src=\"http:\/\/jetp06.ketari.fr\/wp-content\/uploads\/2021\/01\/coupon-reduction-airbnb1.png\" alt=\"\" class=\"wp-image-67\" srcset=\"https:\/\/jetp06.ketari.fr\/wp-content\/uploads\/2021\/01\/coupon-reduction-airbnb1.png 450w, https:\/\/jetp06.ketari.fr\/wp-content\/uploads\/2021\/01\/coupon-reduction-airbnb1-300x212.png 300w, https:\/\/jetp06.ketari.fr\/wp-content\/uploads\/2021\/01\/coupon-reduction-airbnb1-85x60.png 85w\" sizes=\"(max-width: 450px) 100vw, 450px\" \/><\/a><figcaption>Partenaires<\/figcaption><\/figure>\n<\/div>\n\n\n\n<div class=\"wp-block-column\">\n<figure class=\"wp-block-image size-large\"><a href=\"http:\/\/jetp06.ketari.fr\/index.php\/evenements\/\"><img loading=\"lazy\" width=\"300\" height=\"300\" src=\"http:\/\/jetp06.ketari.fr\/wp-content\/uploads\/2021\/01\/calendrier-evenement-300x3001-1.png\" alt=\"\" class=\"wp-image-137\" srcset=\"https:\/\/jetp06.ketari.fr\/wp-content\/uploads\/2021\/01\/calendrier-evenement-300x3001-1.png 300w, https:\/\/jetp06.ketari.fr\/wp-content\/uploads\/2021\/01\/calendrier-evenement-300x3001-1-100x100.png 100w, https:\/\/jetp06.ketari.fr\/wp-content\/uploads\/2021\/01\/calendrier-evenement-300x3001-1-150x150.png 150w, https:\/\/jetp06.ketari.fr\/wp-content\/uploads\/2021\/01\/calendrier-evenement-300x3001-1-60x60.png 60w\" sizes=\"(max-width: 300px) 100vw, 300px\" \/><\/a><figcaption>Ev\u00e8nements<\/figcaption><\/figure>\n<\/div>\n<\/div>\n\n\n\n<div class=\"wp-block-columns\">\n<div class=\"wp-block-column\">\n<figure class=\"wp-block-image size-large\"><a href=\"http:\/\/jetp06.ketari.fr\/index.php\/mise-a-disposition-de-materiel\/\"><img loading=\"lazy\" width=\"600\" height=\"600\" src=\"http:\/\/jetp06.ketari.fr\/wp-content\/uploads\/2021\/01\/bs0413638671.jpg\" alt=\"\" class=\"wp-image-68\" srcset=\"https:\/\/jetp06.ketari.fr\/wp-content\/uploads\/2021\/01\/bs0413638671.jpg 600w, https:\/\/jetp06.ketari.fr\/wp-content\/uploads\/2021\/01\/bs0413638671-300x300.jpg 300w, https:\/\/jetp06.ketari.fr\/wp-content\/uploads\/2021\/01\/bs0413638671-100x100.jpg 100w, https:\/\/jetp06.ketari.fr\/wp-content\/uploads\/2021\/01\/bs0413638671-150x150.jpg 150w, https:\/\/jetp06.ketari.fr\/wp-content\/uploads\/2021\/01\/bs0413638671-60x60.jpg 60w\" sizes=\"(max-width: 600px) 100vw, 600px\" \/><\/a><figcaption>Mise \u00e0 disposition Mat\u00e9riel<\/figcaption><\/figure>\n<\/div>\n\n\n\n<div class=\"wp-block-column\">\n<figure class=\"wp-block-image size-large\"><a href=\"http:\/\/jetp06.ketari.fr\/index.php\/livres-et-magazines\/\"><img loading=\"lazy\" width=\"700\" height=\"490\" src=\"http:\/\/jetp06.ketari.fr\/wp-content\/uploads\/2021\/01\/etagere-pour-livre-60-x-15-cm-lot-de-6-acier1.jpg\" alt=\"\" class=\"wp-image-70\" srcset=\"https:\/\/jetp06.ketari.fr\/wp-content\/uploads\/2021\/01\/etagere-pour-livre-60-x-15-cm-lot-de-6-acier1.jpg 700w, https:\/\/jetp06.ketari.fr\/wp-content\/uploads\/2021\/01\/etagere-pour-livre-60-x-15-cm-lot-de-6-acier1-600x420.jpg 600w, https:\/\/jetp06.ketari.fr\/wp-content\/uploads\/2021\/01\/etagere-pour-livre-60-x-15-cm-lot-de-6-acier1-300x210.jpg 300w, https:\/\/jetp06.ketari.fr\/wp-content\/uploads\/2021\/01\/etagere-pour-livre-60-x-15-cm-lot-de-6-acier1-86x60.jpg 86w\" sizes=\"(max-width: 700px) 100vw, 700px\" \/><\/a><figcaption>Documentations<br>(Livres et Magazines)<\/figcaption><\/figure>\n<\/div>\n\n\n\n<div class=\"wp-block-column\">\n<figure class=\"wp-block-image size-large\"><a href=\"http:\/\/jetp06.ketari.fr\/index.php\/donnees-personnelles\/\"><img loading=\"lazy\" width=\"678\" height=\"454\" src=\"http:\/\/jetp06.ketari.fr\/wp-content\/uploads\/2021\/01\/UNE_protection-donnees1.jpg\" alt=\"\" class=\"wp-image-69\" srcset=\"https:\/\/jetp06.ketari.fr\/wp-content\/uploads\/2021\/01\/UNE_protection-donnees1.jpg 678w, https:\/\/jetp06.ketari.fr\/wp-content\/uploads\/2021\/01\/UNE_protection-donnees1-600x402.jpg 600w, https:\/\/jetp06.ketari.fr\/wp-content\/uploads\/2021\/01\/UNE_protection-donnees1-300x201.jpg 300w, https:\/\/jetp06.ketari.fr\/wp-content\/uploads\/2021\/01\/UNE_protection-donnees1-90x60.jpg 90w, https:\/\/jetp06.ketari.fr\/wp-content\/uploads\/2021\/01\/UNE_protection-donnees1-420x280.jpg 420w\" sizes=\"(max-width: 678px) 100vw, 678px\" \/><\/a><figcaption>Donn\u00e9es personnelles<\/figcaption><\/figure>\n<\/div>\n<\/div>\n\n\n\n<p>Partenariats<br>Mise \u00e0 disp\u00f4sition de mat\u00e9riel<br>Pret de livres et commandes de magasines<br>Organisation d&#8217;\u00e9v\u00e8nements<\/p>\n","protected":false},"excerpt":{"rendered":"<p>Progression de la construction du site: Acc\u00e8s Adh\u00e9rents PartenariatsMise \u00e0 disp\u00f4sition de mat\u00e9rielPret de livres et commandes de magasinesOrganisation d&#8217;\u00e9v\u00e8nements<\/p>\n","protected":false},"author":1,"featured_media":0,"parent":0,"menu_order":0,"comment_status":"closed","ping_status":"closed","template":"","meta":{"_price":"","_stock":"","_tribe_ticket_header":"","_tribe_default_ticket_provider":"","_tribe_ticket_capacity":"0","_ticket_start_date":"","_ticket_end_date":"","_tribe_ticket_show_description":"","_tribe_ticket_show_not_going":false,"_tribe_ticket_use_global_stock":"","_tribe_ticket_global_stock_level":"","_global_stock_mode":"","_global_stock_cap":"","_tribe_rsvp_for_event":"","_tribe_ticket_going_count":"","_tribe_ticket_not_going_count":"","_tribe_tickets_list":[],"_tribe_ticket_has_attendee_info_fields":false},"ticketed":false,"_links":{"self":[{"href":"https:\/\/jetp06.ketari.fr\/index.php\/wp-json\/wp\/v2\/pages\/19"}],"collection":[{"href":"https:\/\/jetp06.ketari.fr\/index.php\/wp-json\/wp\/v2\/pages"}],"about":[{"href":"https:\/\/jetp06.ketari.fr\/index.php\/wp-json\/wp\/v2\/types\/page"}],"author":[{"embeddable":true,"href":"https:\/\/jetp06.ketari.fr\/index.php\/wp-json\/wp\/v2\/users\/1"}],"replies":[{"embeddable":true,"href":"https:\/\/jetp06.ketari.fr\/index.php\/wp-json\/wp\/v2\/comments?post=19"}],"version-history":[{"count":22,"href":"https:\/\/jetp06.ketari.fr\/index.php\/wp-json\/wp\/v2\/pages\/19\/revisions"}],"predecessor-version":[{"id":461,"href":"https:\/\/jetp06.ketari.fr\/index.php\/wp-json\/wp\/v2\/pages\/19\/revisions\/461"}],"wp:attachment":[{"href":"https:\/\/jetp06.ketari.fr\/index.php\/wp-json\/wp\/v2\/media?parent=19"}],"curies":[{"name":"wp","href":"https:\/\/api.w.org\/{rel}","templated":true}]}}