{"id":155,"date":"2021-01-08T20:46:19","date_gmt":"2021-01-08T19:46:19","guid":{"rendered":"http:\/\/jetp06.ketari.fr\/?page_id=155"},"modified":"2021-01-12T14:52:15","modified_gmt":"2021-01-12T13:52:15","slug":"informer","status":"publish","type":"page","link":"https:\/\/jetp06.ketari.fr\/index.php\/informer\/","title":{"rendered":"Informer"},"content":{"rendered":"\n<p class=\"has-medium-font-size\">L&#8217;\u00e9ducation de multiples soul\u00e8ve des questions sp\u00e9cifiques que ne connaissent pas les parents de singletons.<br><br><\/p>\n\n\n\n<hr class=\"wp-block-separator has-text-color has-background has-vivid-red-background-color has-vivid-red-color is-style-wide\"\/>\n\n\n\n<p><\/p>\n\n\n\n<blockquote class=\"wp-block-quote has-text-align-left\"><p>Quels sont les risques li\u00e9s \u00e0 la grossesse multiple ?<\/p><p>Comment g\u00e9rer l&#8217;allaitement de plusieurs b\u00e9b\u00e9s en m\u00eame temps ?<\/p><p>Que doit on savoir pour \u00e9viter un burnout maternel ou paternel ?<\/p><p>Quelles sont les meilleurs pratiques pour que la rentr\u00e9e \u00e0 l&#8217;\u00e9cole se passe bien ?<\/p><\/blockquote>\n\n\n\n<hr class=\"wp-block-separator has-text-color has-background has-vivid-red-background-color has-vivid-red-color is-style-wide\"\/>\n\n\n\n<p class=\"has-medium-font-size\"><br><br>Pour r\u00e9pondre \u00e0 ces interrogations, Jumeaux et Plus propose:<\/p>\n\n\n\n<div class=\"wp-block-columns\">\n<div class=\"wp-block-column\">\n<h2>Les t\u00e9moignages<\/h2>\n\n\n\n<p>Notre association est avant toute chose une communaut\u00e9. Chaque famille a son histoire et ses exp\u00e9riences.Les t\u00e9moignages des autres parents sont une source d&#8217;information li\u00e9es \u00e0 un v\u00e9cu et exprim\u00e9e de mani\u00e8re humaine.<\/p>\n<\/div>\n\n\n\n<div class=\"wp-block-column\">\n<h2>La biblioth\u00e8que<\/h2>\n\n\n\n<p>Jumeaux et Plus 06 met \u00e0 disposition gratuitement les livres composant sa biblioth\u00e8que.<\/p>\n\n\n\n<p>Sur demande d&#8217;un adh\u00e9rent, les administrateurs peuvent \u00e9ventuellement acqu\u00e9rir un livre manquant au corpus disponible. <\/p>\n<\/div>\n<\/div>\n\n\n\n<div class=\"wp-block-columns\">\n<div class=\"wp-block-column\">\n<h2>Le comit\u00e9 scientifique<\/h2>\n\n\n\n<p>Pour les questions les plus graves et urgentes, Jumeaux et Plus 06 a \u00e9galement acc\u00e8s au <a rel=\"noreferrer noopener\" href=\"http:\/\/www.jumeaux-et-plus.fr\/le-comite-scientifique\/presentation\/\" target=\"_blank\">comit\u00e9 scientifique <\/a>de la F\u00e9d\u00e9ration. Les <a rel=\"noreferrer noopener\" href=\"http:\/\/www.jumeaux-et-plus.fr\/le-comite-scientifique\/sa-composition\/\" target=\"_blank\">membres de ce comit\u00e9<\/a> sont principalement des professionnels de sant\u00e9 (Obst\u00e9triciens, P\u00e9diatres, G\u00e9n\u00e9ralistes, Psychologues\u2026) qui sont \u00e0 m\u00eame d&#8217;apporter une expertise technique aux situations rencontr\u00e9es par les adh\u00e9rents.<\/p>\n\n\n\n<p>Toutes les publications r\u00e9alis\u00e9es par la F\u00e9d\u00e9ration sont pr\u00e9alablement valid\u00e9es par le comit\u00e9 scientifique.<\/p>\n<\/div>\n\n\n\n<div class=\"wp-block-column\">\n<h2>Les Multipl&#8217;Infos<\/h2>\n\n\n\n<p>Tous les 6 mois, la f\u00e9d\u00e9ration Jumeaux et Plus envoie aux adh\u00e9rents de notre association le magazine Multipl&#8217;Infos. Il est r\u00e9dig\u00e9 par le comit\u00e9 scientifique de Jumeaux et Plus et traite de nombreux sujets d&#8217;actualit\u00e9 et de la vie quotidienne.<\/p>\n\n\n\n<p>Les adh\u00e9rents ont \u00e9galement acc\u00e8s gratuitement aux <a href=\"http:\/\/www.jumeaux-et-plus.fr\/coin-lecture\/multiplinfos\/\" target=\"_blank\" rel=\"noreferrer noopener\">pr\u00e9c\u00e9dents num\u00e9ros du Multipl&#8217;Infos<\/a> (demande \u00e0 formuler aupr\u00e8s des administrateurs de notre association).<\/p>\n<\/div>\n<\/div>\n","protected":false},"excerpt":{"rendered":"<p>L&#8217;\u00e9ducation de multiples soul\u00e8ve des questions sp\u00e9cifiques que ne connaissent pas les parents de singletons. Quels sont les risques li\u00e9s \u00e0 la grossesse multiple ? &hellip; <\/p>\n","protected":false},"author":1,"featured_media":0,"parent":0,"menu_order":0,"comment_status":"closed","ping_status":"closed","template":"","meta":{"_price":"","_stock":"","_tribe_ticket_header":"","_tribe_default_ticket_provider":"","_tribe_ticket_capacity":"0","_ticket_start_date":"","_ticket_end_date":"","_tribe_ticket_show_description":"","_tribe_ticket_show_not_going":false,"_tribe_ticket_use_global_stock":"","_tribe_ticket_global_stock_level":"","_global_stock_mode":"","_global_stock_cap":"","_tribe_rsvp_for_event":"","_tribe_ticket_going_count":"","_tribe_ticket_not_going_count":"","_tribe_tickets_list":[],"_tribe_ticket_has_attendee_info_fields":false},"ticketed":false,"_links":{"self":[{"href":"https:\/\/jetp06.ketari.fr\/index.php\/wp-json\/wp\/v2\/pages\/155"}],"collection":[{"href":"https:\/\/jetp06.ketari.fr\/index.php\/wp-json\/wp\/v2\/pages"}],"about":[{"href":"https:\/\/jetp06.ketari.fr\/index.php\/wp-json\/wp\/v2\/types\/page"}],"author":[{"embeddable":true,"href":"https:\/\/jetp06.ketari.fr\/index.php\/wp-json\/wp\/v2\/users\/1"}],"replies":[{"embeddable":true,"href":"https:\/\/jetp06.ketari.fr\/index.php\/wp-json\/wp\/v2\/comments?post=155"}],"version-history":[{"count":13,"href":"https:\/\/jetp06.ketari.fr\/index.php\/wp-json\/wp\/v2\/pages\/155\/revisions"}],"predecessor-version":[{"id":224,"href":"https:\/\/jetp06.ketari.fr\/index.php\/wp-json\/wp\/v2\/pages\/155\/revisions\/224"}],"wp:attachment":[{"href":"https:\/\/jetp06.ketari.fr\/index.php\/wp-json\/wp\/v2\/media?parent=155"}],"curies":[{"name":"wp","href":"https:\/\/api.w.org\/{rel}","templated":true}]}}