{"id":153,"date":"2021-01-08T20:45:38","date_gmt":"2021-01-08T19:45:38","guid":{"rendered":"http:\/\/jetp06.ketari.fr\/?page_id=153"},"modified":"2021-01-14T17:40:28","modified_gmt":"2021-01-14T16:40:28","slug":"avantages-commerciaux","status":"publish","type":"page","link":"https:\/\/jetp06.ketari.fr\/index.php\/avantages-commerciaux\/","title":{"rendered":"Avantages commerciaux"},"content":{"rendered":"\n<p>L&#8217;arriv\u00e9e de multiples occasionne de nombreuses d\u00e9penses dans le foyer. Pour aider nos familles adh\u00e9rentes, Jumeaux et Plus contracte des partenariats aupr\u00e8s d&#8217;enseignes qui acceptent d&#8217;accorder une remise \u00e0 nos adh\u00e9rents sur pr\u00e9sentation de la carte d&#8217;adh\u00e9sion Jumeaux et Plus.<\/p>\n\n\n\n<p>Les partenariats que nous contractons couvrent tous les aspects de la vie familiale :<\/p>\n\n\n\n<div class=\"wp-block-columns\">\n<div class=\"wp-block-column\" style=\"flex-basis:15%\"><\/div>\n\n\n\n<div class=\"wp-block-column\">\n<ul><li>Equipements<\/li><li>Textiles<\/li><li>Sorties<\/li><li>Prestations (coaching, accompagnement, etc.)<\/li><li>Vacances<\/li><li>Divertissements<\/li><li>etc.<\/li><\/ul>\n<\/div>\n<\/div>\n\n\n\n<p>Il existe deux types de partenariats.<\/p>\n\n\n\n<h2>Les partenariats nationaux<\/h2>\n\n\n\n<p>Ce sont les partenariats n\u00e9goci\u00e9s par la F\u00e9d\u00e9ration Jumeaux et Plus. Ils couvrent des enseignes qui sont en g\u00e9n\u00e9rales disponibles \u00e0 l&#8217;\u00e9chelle nationale.<\/p>\n\n\n\n<p>La liste des partenaires nationaux est disponibles via le lien ci-dessous :<\/p>\n\n\n\n<div class=\"wp-block-buttons aligncenter\">\n<div class=\"wp-block-button\"><a class=\"wp-block-button__link\" href=\"http:\/\/www.jumeaux-et-plus.fr\/bons-plans-partenaires\/\" target=\"_blank\" rel=\"noreferrer noopener\">Liste des Partenariats Nationaux<\/a><\/div>\n<\/div>\n\n\n\n<p><\/p>\n\n\n\n<h2>Les partenariats locaux<\/h2>\n\n\n\n<p>Il s&#8217;agit des partenariats contract\u00e9s par Jumeaux et Plus 06. Ils concernent des enseignes locales.<\/p>\n\n\n\n<p>Voici quelques exemples d&#8217;enseignes partenaires:<\/p>\n\n\n\n<figure class=\"wp-block-gallery aligncenter columns-5\"><ul class=\"blocks-gallery-grid\"><li class=\"blocks-gallery-item\"><figure><a href=\"http:\/\/jetp06.ketari.fr\/wp-content\/uploads\/2021\/01\/Logo-Baby-events.png\"><img loading=\"lazy\" width=\"300\" height=\"300\" src=\"http:\/\/jetp06.ketari.fr\/wp-content\/uploads\/2021\/01\/Logo-Baby-events-300x300.png\" alt=\"\" data-id=\"233\" data-full-url=\"http:\/\/jetp06.ketari.fr\/wp-content\/uploads\/2021\/01\/Logo-Baby-events.png\" data-link=\"http:\/\/jetp06.ketari.fr\/index.php\/avantages-commerciaux\/logo-baby-events\/\" class=\"wp-image-233\" srcset=\"https:\/\/jetp06.ketari.fr\/wp-content\/uploads\/2021\/01\/Logo-Baby-events-300x300.png 300w, https:\/\/jetp06.ketari.fr\/wp-content\/uploads\/2021\/01\/Logo-Baby-events-100x100.png 100w, https:\/\/jetp06.ketari.fr\/wp-content\/uploads\/2021\/01\/Logo-Baby-events-600x600.png 600w, https:\/\/jetp06.ketari.fr\/wp-content\/uploads\/2021\/01\/Logo-Baby-events-1024x1024.png 1024w, https:\/\/jetp06.ketari.fr\/wp-content\/uploads\/2021\/01\/Logo-Baby-events-150x150.png 150w, https:\/\/jetp06.ketari.fr\/wp-content\/uploads\/2021\/01\/Logo-Baby-events-768x768.png 768w, https:\/\/jetp06.ketari.fr\/wp-content\/uploads\/2021\/01\/Logo-Baby-events-60x60.png 60w, https:\/\/jetp06.ketari.fr\/wp-content\/uploads\/2021\/01\/Logo-Baby-events.png 1134w\" sizes=\"(max-width: 300px) 100vw, 300px\" \/><\/a><\/figure><\/li><li class=\"blocks-gallery-item\"><figure><a href=\"http:\/\/jetp06.ketari.fr\/wp-content\/uploads\/2021\/01\/Logo-Mum-and-the-gang.jpg\"><img loading=\"lazy\" width=\"300\" height=\"300\" src=\"http:\/\/jetp06.ketari.fr\/wp-content\/uploads\/2021\/01\/Logo-Mum-and-the-gang-300x300.jpg\" alt=\"\" data-id=\"234\" data-full-url=\"http:\/\/jetp06.ketari.fr\/wp-content\/uploads\/2021\/01\/Logo-Mum-and-the-gang.jpg\" data-link=\"http:\/\/jetp06.ketari.fr\/index.php\/avantages-commerciaux\/logo-mum-and-the-gang\/\" class=\"wp-image-234\" srcset=\"https:\/\/jetp06.ketari.fr\/wp-content\/uploads\/2021\/01\/Logo-Mum-and-the-gang-300x300.jpg 300w, https:\/\/jetp06.ketari.fr\/wp-content\/uploads\/2021\/01\/Logo-Mum-and-the-gang-100x100.jpg 100w, https:\/\/jetp06.ketari.fr\/wp-content\/uploads\/2021\/01\/Logo-Mum-and-the-gang-600x600.jpg 600w, https:\/\/jetp06.ketari.fr\/wp-content\/uploads\/2021\/01\/Logo-Mum-and-the-gang-150x150.jpg 150w, https:\/\/jetp06.ketari.fr\/wp-content\/uploads\/2021\/01\/Logo-Mum-and-the-gang-768x768.jpg 768w, https:\/\/jetp06.ketari.fr\/wp-content\/uploads\/2021\/01\/Logo-Mum-and-the-gang-60x60.jpg 60w, https:\/\/jetp06.ketari.fr\/wp-content\/uploads\/2021\/01\/Logo-Mum-and-the-gang.jpg 960w\" sizes=\"(max-width: 300px) 100vw, 300px\" \/><\/a><\/figure><\/li><li class=\"blocks-gallery-item\"><figure><a href=\"http:\/\/jetp06.ketari.fr\/wp-content\/uploads\/2021\/01\/Logo-aquis.jpg\"><img loading=\"lazy\" width=\"300\" height=\"170\" src=\"http:\/\/jetp06.ketari.fr\/wp-content\/uploads\/2021\/01\/Logo-aquis-300x170.jpg\" alt=\"\" data-id=\"235\" data-full-url=\"http:\/\/jetp06.ketari.fr\/wp-content\/uploads\/2021\/01\/Logo-aquis.jpg\" data-link=\"http:\/\/jetp06.ketari.fr\/index.php\/avantages-commerciaux\/logo-aquis\/\" class=\"wp-image-235\" srcset=\"https:\/\/jetp06.ketari.fr\/wp-content\/uploads\/2021\/01\/Logo-aquis-300x170.jpg 300w, https:\/\/jetp06.ketari.fr\/wp-content\/uploads\/2021\/01\/Logo-aquis-106x60.jpg 106w, https:\/\/jetp06.ketari.fr\/wp-content\/uploads\/2021\/01\/Logo-aquis.jpg 600w\" sizes=\"(max-width: 300px) 100vw, 300px\" \/><\/a><\/figure><\/li><li class=\"blocks-gallery-item\"><figure><a href=\"http:\/\/jetp06.ketari.fr\/wp-content\/uploads\/2021\/01\/logo-bambinou.gif\"><img loading=\"lazy\" width=\"300\" height=\"187\" src=\"http:\/\/jetp06.ketari.fr\/wp-content\/uploads\/2021\/01\/logo-bambinou-300x187.gif\" alt=\"\" data-id=\"236\" data-full-url=\"http:\/\/jetp06.ketari.fr\/wp-content\/uploads\/2021\/01\/logo-bambinou.gif\" data-link=\"http:\/\/jetp06.ketari.fr\/index.php\/avantages-commerciaux\/logo-bambinou\/\" class=\"wp-image-236\" srcset=\"https:\/\/jetp06.ketari.fr\/wp-content\/uploads\/2021\/01\/logo-bambinou-300x187.gif 300w, https:\/\/jetp06.ketari.fr\/wp-content\/uploads\/2021\/01\/logo-bambinou-96x60.gif 96w\" sizes=\"(max-width: 300px) 100vw, 300px\" \/><\/a><\/figure><\/li><li class=\"blocks-gallery-item\"><figure><a href=\"http:\/\/jetp06.ketari.fr\/wp-content\/uploads\/2021\/01\/logo-emilie-and-cool-kids.jpg\"><img loading=\"lazy\" width=\"300\" height=\"300\" src=\"http:\/\/jetp06.ketari.fr\/wp-content\/uploads\/2021\/01\/logo-emilie-and-cool-kids-300x300.jpg\" alt=\"\" data-id=\"237\" data-full-url=\"http:\/\/jetp06.ketari.fr\/wp-content\/uploads\/2021\/01\/logo-emilie-and-cool-kids.jpg\" data-link=\"http:\/\/jetp06.ketari.fr\/index.php\/avantages-commerciaux\/logo-emilie-and-cool-kids\/\" class=\"wp-image-237\" srcset=\"https:\/\/jetp06.ketari.fr\/wp-content\/uploads\/2021\/01\/logo-emilie-and-cool-kids-300x300.jpg 300w, https:\/\/jetp06.ketari.fr\/wp-content\/uploads\/2021\/01\/logo-emilie-and-cool-kids-100x100.jpg 100w, https:\/\/jetp06.ketari.fr\/wp-content\/uploads\/2021\/01\/logo-emilie-and-cool-kids-150x150.jpg 150w, https:\/\/jetp06.ketari.fr\/wp-content\/uploads\/2021\/01\/logo-emilie-and-cool-kids-60x60.jpg 60w, https:\/\/jetp06.ketari.fr\/wp-content\/uploads\/2021\/01\/logo-emilie-and-cool-kids.jpg 482w\" sizes=\"(max-width: 300px) 100vw, 300px\" \/><\/a><\/figure><\/li><li class=\"blocks-gallery-item\"><figure><a href=\"http:\/\/jetp06.ketari.fr\/wp-content\/uploads\/2021\/01\/Logo-Nany-Crea.jpg\"><img loading=\"lazy\" width=\"300\" height=\"147\" src=\"http:\/\/jetp06.ketari.fr\/wp-content\/uploads\/2021\/01\/Logo-Nany-Crea-300x147.jpg\" alt=\"\" data-id=\"239\" data-full-url=\"http:\/\/jetp06.ketari.fr\/wp-content\/uploads\/2021\/01\/Logo-Nany-Crea.jpg\" data-link=\"http:\/\/jetp06.ketari.fr\/index.php\/avantages-commerciaux\/logo-nany-crea\/\" class=\"wp-image-239\" srcset=\"https:\/\/jetp06.ketari.fr\/wp-content\/uploads\/2021\/01\/Logo-Nany-Crea-300x147.jpg 300w, https:\/\/jetp06.ketari.fr\/wp-content\/uploads\/2021\/01\/Logo-Nany-Crea-122x60.jpg 122w, https:\/\/jetp06.ketari.fr\/wp-content\/uploads\/2021\/01\/Logo-Nany-Crea.jpg 400w\" sizes=\"(max-width: 300px) 100vw, 300px\" \/><\/a><\/figure><\/li><li class=\"blocks-gallery-item\"><figure><a href=\"http:\/\/jetp06.ketari.fr\/wp-content\/uploads\/2021\/01\/Logo-Jumo-malin-logo-1600024205.png\"><img loading=\"lazy\" width=\"300\" height=\"100\" src=\"http:\/\/jetp06.ketari.fr\/wp-content\/uploads\/2021\/01\/Logo-Jumo-malin-logo-1600024205-300x100.png\" alt=\"\" data-id=\"240\" data-full-url=\"http:\/\/jetp06.ketari.fr\/wp-content\/uploads\/2021\/01\/Logo-Jumo-malin-logo-1600024205.png\" data-link=\"http:\/\/jetp06.ketari.fr\/index.php\/avantages-commerciaux\/logo-jumo-malin-logo-1600024205\/\" class=\"wp-image-240\" srcset=\"https:\/\/jetp06.ketari.fr\/wp-content\/uploads\/2021\/01\/Logo-Jumo-malin-logo-1600024205-300x100.png 300w, https:\/\/jetp06.ketari.fr\/wp-content\/uploads\/2021\/01\/Logo-Jumo-malin-logo-1600024205-180x60.png 180w, https:\/\/jetp06.ketari.fr\/wp-content\/uploads\/2021\/01\/Logo-Jumo-malin-logo-1600024205.png 600w\" sizes=\"(max-width: 300px) 100vw, 300px\" \/><\/a><\/figure><\/li><li class=\"blocks-gallery-item\"><figure><a href=\"http:\/\/jetp06.ketari.fr\/wp-content\/uploads\/2021\/01\/Logo-NR-Soccer-5.png\"><img loading=\"lazy\" width=\"300\" height=\"237\" src=\"http:\/\/jetp06.ketari.fr\/wp-content\/uploads\/2021\/01\/Logo-NR-Soccer-5-300x237.png\" alt=\"\" data-id=\"241\" data-full-url=\"http:\/\/jetp06.ketari.fr\/wp-content\/uploads\/2021\/01\/Logo-NR-Soccer-5.png\" data-link=\"http:\/\/jetp06.ketari.fr\/index.php\/avantages-commerciaux\/logo-nr-soccer-5\/\" class=\"wp-image-241\" srcset=\"https:\/\/jetp06.ketari.fr\/wp-content\/uploads\/2021\/01\/Logo-NR-Soccer-5-300x237.png 300w, https:\/\/jetp06.ketari.fr\/wp-content\/uploads\/2021\/01\/Logo-NR-Soccer-5-76x60.png 76w, https:\/\/jetp06.ketari.fr\/wp-content\/uploads\/2021\/01\/Logo-NR-Soccer-5.png 554w\" sizes=\"(max-width: 300px) 100vw, 300px\" \/><\/a><\/figure><\/li><li class=\"blocks-gallery-item\"><figure><a href=\"http:\/\/jetp06.ketari.fr\/wp-content\/uploads\/2021\/01\/Lgoo-fun_city_cannes2.png\"><img loading=\"lazy\" width=\"300\" height=\"176\" src=\"http:\/\/jetp06.ketari.fr\/wp-content\/uploads\/2021\/01\/Lgoo-fun_city_cannes2-300x176.png\" alt=\"\" data-id=\"242\" data-full-url=\"http:\/\/jetp06.ketari.fr\/wp-content\/uploads\/2021\/01\/Lgoo-fun_city_cannes2.png\" data-link=\"http:\/\/jetp06.ketari.fr\/index.php\/avantages-commerciaux\/lgoo-fun_city_cannes2\/\" class=\"wp-image-242\" srcset=\"https:\/\/jetp06.ketari.fr\/wp-content\/uploads\/2021\/01\/Lgoo-fun_city_cannes2-300x176.png 300w, https:\/\/jetp06.ketari.fr\/wp-content\/uploads\/2021\/01\/Lgoo-fun_city_cannes2-103x60.png 103w, https:\/\/jetp06.ketari.fr\/wp-content\/uploads\/2021\/01\/Lgoo-fun_city_cannes2.png 364w\" sizes=\"(max-width: 300px) 100vw, 300px\" \/><\/a><\/figure><\/li><li class=\"blocks-gallery-item\"><figure><a href=\"http:\/\/jetp06.ketari.fr\/wp-content\/uploads\/2021\/01\/Logo-EnigmArt-mougins.jpg\"><img loading=\"lazy\" width=\"300\" height=\"150\" src=\"http:\/\/jetp06.ketari.fr\/wp-content\/uploads\/2021\/01\/Logo-EnigmArt-mougins-300x150.jpg\" alt=\"\" data-id=\"243\" data-full-url=\"http:\/\/jetp06.ketari.fr\/wp-content\/uploads\/2021\/01\/Logo-EnigmArt-mougins.jpg\" data-link=\"http:\/\/jetp06.ketari.fr\/index.php\/avantages-commerciaux\/logo-enigmart-mougins\/\" class=\"wp-image-243\" srcset=\"https:\/\/jetp06.ketari.fr\/wp-content\/uploads\/2021\/01\/Logo-EnigmArt-mougins-300x150.jpg 300w, https:\/\/jetp06.ketari.fr\/wp-content\/uploads\/2021\/01\/Logo-EnigmArt-mougins-600x300.jpg 600w, https:\/\/jetp06.ketari.fr\/wp-content\/uploads\/2021\/01\/Logo-EnigmArt-mougins-120x60.jpg 120w, https:\/\/jetp06.ketari.fr\/wp-content\/uploads\/2021\/01\/Logo-EnigmArt-mougins.jpg 700w\" sizes=\"(max-width: 300px) 100vw, 300px\" \/><\/a><\/figure><\/li><li class=\"blocks-gallery-item\"><figure><a href=\"http:\/\/jetp06.ketari.fr\/wp-content\/uploads\/2021\/01\/logo-aoubre.png\"><img loading=\"lazy\" width=\"200\" height=\"179\" src=\"http:\/\/jetp06.ketari.fr\/wp-content\/uploads\/2021\/01\/logo-aoubre.png\" alt=\"\" data-id=\"245\" data-full-url=\"http:\/\/jetp06.ketari.fr\/wp-content\/uploads\/2021\/01\/logo-aoubre.png\" data-link=\"http:\/\/jetp06.ketari.fr\/index.php\/avantages-commerciaux\/logo-aoubre\/\" class=\"wp-image-245\" srcset=\"https:\/\/jetp06.ketari.fr\/wp-content\/uploads\/2021\/01\/logo-aoubre.png 200w, https:\/\/jetp06.ketari.fr\/wp-content\/uploads\/2021\/01\/logo-aoubre-67x60.png 67w\" sizes=\"(max-width: 200px) 100vw, 200px\" \/><\/a><\/figure><\/li><li class=\"blocks-gallery-item\"><figure><a href=\"http:\/\/jetp06.ketari.fr\/wp-content\/uploads\/2021\/01\/Logo-pharmacie-du-casino.jpeg\"><img loading=\"lazy\" width=\"300\" height=\"300\" src=\"http:\/\/jetp06.ketari.fr\/wp-content\/uploads\/2021\/01\/Logo-pharmacie-du-casino-300x300.jpeg\" alt=\"\" data-id=\"246\" data-full-url=\"http:\/\/jetp06.ketari.fr\/wp-content\/uploads\/2021\/01\/Logo-pharmacie-du-casino.jpeg\" data-link=\"http:\/\/jetp06.ketari.fr\/index.php\/avantages-commerciaux\/logo-pharmacie-du-casino\/\" class=\"wp-image-246\" srcset=\"https:\/\/jetp06.ketari.fr\/wp-content\/uploads\/2021\/01\/Logo-pharmacie-du-casino-300x300.jpeg 300w, https:\/\/jetp06.ketari.fr\/wp-content\/uploads\/2021\/01\/Logo-pharmacie-du-casino-100x100.jpeg 100w, https:\/\/jetp06.ketari.fr\/wp-content\/uploads\/2021\/01\/Logo-pharmacie-du-casino-600x600.jpeg 600w, https:\/\/jetp06.ketari.fr\/wp-content\/uploads\/2021\/01\/Logo-pharmacie-du-casino-150x150.jpeg 150w, https:\/\/jetp06.ketari.fr\/wp-content\/uploads\/2021\/01\/Logo-pharmacie-du-casino-60x60.jpeg 60w, https:\/\/jetp06.ketari.fr\/wp-content\/uploads\/2021\/01\/Logo-pharmacie-du-casino.jpeg 720w\" sizes=\"(max-width: 300px) 100vw, 300px\" \/><\/a><\/figure><\/li><li class=\"blocks-gallery-item\"><figure><a href=\"http:\/\/jetp06.ketari.fr\/wp-content\/uploads\/2021\/01\/Logo-A-fleur-de-peau.png\"><img loading=\"lazy\" width=\"300\" height=\"231\" src=\"http:\/\/jetp06.ketari.fr\/wp-content\/uploads\/2021\/01\/Logo-A-fleur-de-peau-300x231.png\" alt=\"\" data-id=\"247\" data-full-url=\"http:\/\/jetp06.ketari.fr\/wp-content\/uploads\/2021\/01\/Logo-A-fleur-de-peau.png\" data-link=\"http:\/\/jetp06.ketari.fr\/index.php\/avantages-commerciaux\/logo-a-fleur-de-peau\/\" class=\"wp-image-247\" srcset=\"https:\/\/jetp06.ketari.fr\/wp-content\/uploads\/2021\/01\/Logo-A-fleur-de-peau-300x231.png 300w, https:\/\/jetp06.ketari.fr\/wp-content\/uploads\/2021\/01\/Logo-A-fleur-de-peau-600x462.png 600w, https:\/\/jetp06.ketari.fr\/wp-content\/uploads\/2021\/01\/Logo-A-fleur-de-peau-768x591.png 768w, https:\/\/jetp06.ketari.fr\/wp-content\/uploads\/2021\/01\/Logo-A-fleur-de-peau-78x60.png 78w, https:\/\/jetp06.ketari.fr\/wp-content\/uploads\/2021\/01\/Logo-A-fleur-de-peau.png 959w\" sizes=\"(max-width: 300px) 100vw, 300px\" \/><\/a><\/figure><\/li><li class=\"blocks-gallery-item\"><figure><a href=\"http:\/\/jetp06.ketari.fr\/wp-content\/uploads\/2021\/01\/Logo-TitiArt-Photographie.jpg\"><img loading=\"lazy\" width=\"300\" height=\"300\" src=\"http:\/\/jetp06.ketari.fr\/wp-content\/uploads\/2021\/01\/Logo-TitiArt-Photographie-300x300.jpg\" alt=\"\" data-id=\"248\" data-full-url=\"http:\/\/jetp06.ketari.fr\/wp-content\/uploads\/2021\/01\/Logo-TitiArt-Photographie.jpg\" data-link=\"http:\/\/jetp06.ketari.fr\/index.php\/avantages-commerciaux\/0324-laetitia-cornu-titiart\/\" class=\"wp-image-248\" srcset=\"https:\/\/jetp06.ketari.fr\/wp-content\/uploads\/2021\/01\/Logo-TitiArt-Photographie-300x300.jpg 300w, https:\/\/jetp06.ketari.fr\/wp-content\/uploads\/2021\/01\/Logo-TitiArt-Photographie-100x100.jpg 100w, https:\/\/jetp06.ketari.fr\/wp-content\/uploads\/2021\/01\/Logo-TitiArt-Photographie-600x600.jpg 600w, https:\/\/jetp06.ketari.fr\/wp-content\/uploads\/2021\/01\/Logo-TitiArt-Photographie-150x150.jpg 150w, https:\/\/jetp06.ketari.fr\/wp-content\/uploads\/2021\/01\/Logo-TitiArt-Photographie-768x768.jpg 768w, https:\/\/jetp06.ketari.fr\/wp-content\/uploads\/2021\/01\/Logo-TitiArt-Photographie-60x60.jpg 60w, https:\/\/jetp06.ketari.fr\/wp-content\/uploads\/2021\/01\/Logo-TitiArt-Photographie.jpg 1000w\" sizes=\"(max-width: 300px) 100vw, 300px\" \/><\/a><\/figure><\/li><li class=\"blocks-gallery-item\"><figure><a href=\"http:\/\/jetp06.ketari.fr\/wp-content\/uploads\/2021\/01\/Logo-Faustine-rastoul-photographe.png\"><img loading=\"lazy\" width=\"300\" height=\"99\" src=\"http:\/\/jetp06.ketari.fr\/wp-content\/uploads\/2021\/01\/Logo-Faustine-rastoul-photographe-300x99.png\" alt=\"\" data-id=\"249\" data-full-url=\"http:\/\/jetp06.ketari.fr\/wp-content\/uploads\/2021\/01\/Logo-Faustine-rastoul-photographe.png\" data-link=\"http:\/\/jetp06.ketari.fr\/index.php\/avantages-commerciaux\/logo-faustine-rastoul-photographe\/\" class=\"wp-image-249\" srcset=\"https:\/\/jetp06.ketari.fr\/wp-content\/uploads\/2021\/01\/Logo-Faustine-rastoul-photographe-300x99.png 300w, https:\/\/jetp06.ketari.fr\/wp-content\/uploads\/2021\/01\/Logo-Faustine-rastoul-photographe-182x60.png 182w, https:\/\/jetp06.ketari.fr\/wp-content\/uploads\/2021\/01\/Logo-Faustine-rastoul-photographe.png 500w\" sizes=\"(max-width: 300px) 100vw, 300px\" \/><\/a><\/figure><\/li><\/ul><\/figure>\n\n\n\n<p><\/p>\n\n\n\n<p><\/p>\n\n\n\n<p> <\/p>\n","protected":false},"excerpt":{"rendered":"<p>L&#8217;arriv\u00e9e de multiples occasionne de nombreuses d\u00e9penses dans le foyer. Pour aider nos familles adh\u00e9rentes, Jumeaux et Plus contracte des partenariats aupr\u00e8s d&#8217;enseignes qui acceptent &hellip; <\/p>\n","protected":false},"author":1,"featured_media":0,"parent":0,"menu_order":0,"comment_status":"closed","ping_status":"closed","template":"","meta":{"_price":"","_stock":"","_tribe_ticket_header":"","_tribe_default_ticket_provider":"","_tribe_ticket_capacity":"0","_ticket_start_date":"","_ticket_end_date":"","_tribe_ticket_show_description":"","_tribe_ticket_show_not_going":false,"_tribe_ticket_use_global_stock":"","_tribe_ticket_global_stock_level":"","_global_stock_mode":"","_global_stock_cap":"","_tribe_rsvp_for_event":"","_tribe_ticket_going_count":"","_tribe_ticket_not_going_count":"","_tribe_tickets_list":[],"_tribe_ticket_has_attendee_info_fields":false},"ticketed":false,"_links":{"self":[{"href":"https:\/\/jetp06.ketari.fr\/index.php\/wp-json\/wp\/v2\/pages\/153"}],"collection":[{"href":"https:\/\/jetp06.ketari.fr\/index.php\/wp-json\/wp\/v2\/pages"}],"about":[{"href":"https:\/\/jetp06.ketari.fr\/index.php\/wp-json\/wp\/v2\/types\/page"}],"author":[{"embeddable":true,"href":"https:\/\/jetp06.ketari.fr\/index.php\/wp-json\/wp\/v2\/users\/1"}],"replies":[{"embeddable":true,"href":"https:\/\/jetp06.ketari.fr\/index.php\/wp-json\/wp\/v2\/comments?post=153"}],"version-history":[{"count":11,"href":"https:\/\/jetp06.ketari.fr\/index.php\/wp-json\/wp\/v2\/pages\/153\/revisions"}],"predecessor-version":[{"id":257,"href":"https:\/\/jetp06.ketari.fr\/index.php\/wp-json\/wp\/v2\/pages\/153\/revisions\/257"}],"wp:attachment":[{"href":"https:\/\/jetp06.ketari.fr\/index.php\/wp-json\/wp\/v2\/media?parent=153"}],"curies":[{"name":"wp","href":"https:\/\/api.w.org\/{rel}","templated":true}]}}