{"id":151,"date":"2021-01-08T20:45:05","date_gmt":"2021-01-08T19:45:05","guid":{"rendered":"http:\/\/jetp06.ketari.fr\/?page_id=151"},"modified":"2021-06-05T19:40:07","modified_gmt":"2021-06-05T17:40:07","slug":"favoriser-lechange","status":"publish","type":"page","link":"https:\/\/jetp06.ketari.fr\/index.php\/favoriser-lechange\/","title":{"rendered":"Favoriser l&#8217;\u00e9change"},"content":{"rendered":"\n<p>L&#8217;\u00e9change et le soutien est le ciment de notre association. L&#8217;accueil de multiples dans nos foyers nous font vivre des exp\u00e9riences hors du commun. Au sein de l&#8217;association, nos familles ont la possibilit\u00e9s de partager leurs exp\u00e9riences, questions, appr\u00e9hensions. Nous nous entraidons, soutenons, conseillons et encourageons les uns les autres.<\/p>\n\n\n\n<div class=\"wp-block-image\"><figure class=\"aligncenter size-large\"><img loading=\"lazy\" width=\"436\" height=\"206\" src=\"https:\/\/jetp06.ketari.fr\/wp-content\/uploads\/2021\/06\/adobestock-199481631-3-436x2061-1.png\" alt=\"\" class=\"wp-image-412\" srcset=\"https:\/\/jetp06.ketari.fr\/wp-content\/uploads\/2021\/06\/adobestock-199481631-3-436x2061-1.png 436w, https:\/\/jetp06.ketari.fr\/wp-content\/uploads\/2021\/06\/adobestock-199481631-3-436x2061-1-300x142.png 300w, https:\/\/jetp06.ketari.fr\/wp-content\/uploads\/2021\/06\/adobestock-199481631-3-436x2061-1-127x60.png 127w\" sizes=\"(max-width: 436px) 100vw, 436px\" \/><\/figure><\/div>\n\n\n<p>\u00a0<\/p>\n<p>Pour favoriser l&#8217;\u00e9change nos adh\u00e9rents ont acc\u00e8s :<\/p>\n<ul>\n<li>A nos \u00e9v\u00e8nements<br \/>En moyenne nous organisons un \u00e9v\u00e8nement par mois. Ces \u00e9v\u00e8nements peuvent avoir lieu dans un parc, \u00e0 la plage ou dans une salle adapt\u00e9e \u00e0 l&#8217;accueil de nos familles (parking a proximit\u00e9, table \u00e0 langer, divertissements pour les enfants, etc.).<br \/><br \/><\/li>\n<li>A notre groupe d&#8217;\u00e9change WhatsApp<br \/>C&#8217;est notre m\u00e9dia d&#8217;\u00e9change principal. Il s&#8217;agit d&#8217;un grand forum sur lequel toute personne peut lire\/\u00e9crire\/r\u00e9pondre. Tous les sujets peuvent \u00eatre abord\u00e9s.<br \/><br \/><\/li>\n<li>A nos groupes Facebook<br \/>Nos groupes Facebook permettent aux adh\u00e9rents de r\u00e9aliser des publications sur lesquelles les autres adh\u00e9rents peuvent r\u00e9pondre. Nous disposons \u00e9galement d&#8217;un groupe d\u00e9di\u00e9 aux petites annonces pour la vente d&#8217;articles de pu\u00e9riculture.<\/li>\n<\/ul>\n<p>L&#8217;exp\u00e9rience a montr\u00e9 que les familles adh\u00e8rent pour les partenariats puis restent pour la communaut\u00e9.<\/p>\n<p>\u00a0<\/p>","protected":false},"excerpt":{"rendered":"<p>L&#8217;\u00e9change et le soutien est le ciment de notre association. L&#8217;accueil de multiples dans nos foyers nous font vivre des exp\u00e9riences hors du commun. Au &hellip; <\/p>\n","protected":false},"author":1,"featured_media":0,"parent":0,"menu_order":0,"comment_status":"closed","ping_status":"closed","template":"","meta":{"_price":"","_stock":"","_tribe_ticket_header":"","_tribe_default_ticket_provider":"","_tribe_ticket_capacity":"0","_ticket_start_date":"","_ticket_end_date":"","_tribe_ticket_show_description":"","_tribe_ticket_show_not_going":false,"_tribe_ticket_use_global_stock":"","_tribe_ticket_global_stock_level":"","_global_stock_mode":"","_global_stock_cap":"","_tribe_rsvp_for_event":"","_tribe_ticket_going_count":"","_tribe_ticket_not_going_count":"","_tribe_tickets_list":[],"_tribe_ticket_has_attendee_info_fields":false},"ticketed":false,"_links":{"self":[{"href":"https:\/\/jetp06.ketari.fr\/index.php\/wp-json\/wp\/v2\/pages\/151"}],"collection":[{"href":"https:\/\/jetp06.ketari.fr\/index.php\/wp-json\/wp\/v2\/pages"}],"about":[{"href":"https:\/\/jetp06.ketari.fr\/index.php\/wp-json\/wp\/v2\/types\/page"}],"author":[{"embeddable":true,"href":"https:\/\/jetp06.ketari.fr\/index.php\/wp-json\/wp\/v2\/users\/1"}],"replies":[{"embeddable":true,"href":"https:\/\/jetp06.ketari.fr\/index.php\/wp-json\/wp\/v2\/comments?post=151"}],"version-history":[{"count":4,"href":"https:\/\/jetp06.ketari.fr\/index.php\/wp-json\/wp\/v2\/pages\/151\/revisions"}],"predecessor-version":[{"id":415,"href":"https:\/\/jetp06.ketari.fr\/index.php\/wp-json\/wp\/v2\/pages\/151\/revisions\/415"}],"wp:attachment":[{"href":"https:\/\/jetp06.ketari.fr\/index.php\/wp-json\/wp\/v2\/media?parent=151"}],"curies":[{"name":"wp","href":"https:\/\/api.w.org\/{rel}","templated":true}]}}